{"id":9,"date":"2014-06-11T13:25:19","date_gmt":"2014-06-11T13:25:19","guid":{"rendered":"http:\/\/pexetothemes.com\/demos\/story_demos\/health-and-lifestyle\/?page_id=9"},"modified":"2024-10-22T08:28:05","modified_gmt":"2024-10-22T08:28:05","slug":"iletisim","status":"publish","type":"page","link":"https:\/\/ois.solutions\/en\/iletisim\/","title":{"rendered":"CONTACT"},"content":{"rendered":"<h5><strong>UB\u0130T Bilgi Teknolojileri Enerji ve Dan\u0131\u015fmanl\u0131k Hizmetleri San. Tic. A.\u015e.<\/strong><\/h5>\n<div class=\"info-box\"><span class=\"box-icon\">\u00a0<\/span>Address :\u00a0Y\u0131ld\u0131z Teknik \u00dcniversitesi Davutpa\u015fa Kamp\u00fcs\u00fc,<br \/>\nTeknoPark Ar-Ge Binas\u0131 B-1 Kat:2 No:10, Esenler \/ \u0130stanbul<\/div>\n<div class=\"tip-box\"><span class=\"box-icon\">\u00a0<\/span>Phone Number:\u00a0+90 (212) 483 72 22<\/div>\n<div class=\"tip-box\"><span class=\"box-icon\">\u00a0<\/span>E-Mail :\u00a0info@ubit.com.tr<\/div>\n<div class=\"tip-box\"><span class=\"box-icon\">\u00a0<\/span>E-Mail : satis@ubit.com.tr<\/div>","protected":false},"excerpt":{"rendered":"<p>UB\u0130T Bilgi Teknolojileri Enerji ve Dan\u0131\u015fmanl\u0131k Hizmetleri San. Tic. A.\u015e. \u00a0Adres :\u00a0Y\u0131ld\u0131z Teknik \u00dcniversitesi Davutpa\u015fa Kamp\u00fcs\u00fc, TeknoPark Ar-Ge Binas\u0131 B-1 [&hellip;]<\/p>","protected":false},"author":1,"featured_media":0,"parent":0,"menu_order":0,"comment_status":"open","ping_status":"open","template":"","meta":{"footnotes":""},"class_list":["post-9","page","type-page","status-publish","hentry"],"_links":{"self":[{"href":"https:\/\/ois.solutions\/en\/wp-json\/wp\/v2\/pages\/9","targetHints":{"allow":["GET"]}}],"collection":[{"href":"https:\/\/ois.solutions\/en\/wp-json\/wp\/v2\/pages"}],"about":[{"href":"https:\/\/ois.solutions\/en\/wp-json\/wp\/v2\/types\/page"}],"author":[{"embeddable":true,"href":"https:\/\/ois.solutions\/en\/wp-json\/wp\/v2\/users\/1"}],"replies":[{"embeddable":true,"href":"https:\/\/ois.solutions\/en\/wp-json\/wp\/v2\/comments?post=9"}],"version-history":[{"count":20,"href":"https:\/\/ois.solutions\/en\/wp-json\/wp\/v2\/pages\/9\/revisions"}],"predecessor-version":[{"id":2835,"href":"https:\/\/ois.solutions\/en\/wp-json\/wp\/v2\/pages\/9\/revisions\/2835"}],"wp:attachment":[{"href":"https:\/\/ois.solutions\/en\/wp-json\/wp\/v2\/media?parent=9"}],"curies":[{"name":"wp","href":"https:\/\/api.w.org\/{rel}","templated":true}]}}