{"id":2738,"date":"2014-09-29T12:33:19","date_gmt":"2014-09-29T12:33:19","guid":{"rendered":"https:\/\/ois.solutions\/?page_id=2738"},"modified":"2024-10-22T11:06:58","modified_gmt":"2024-10-22T11:06:58","slug":"aktuel-bilgiler","status":"publish","type":"page","link":"https:\/\/ois.solutions\/en\/aktuel-bilgiler\/","title":{"rendered":"CURRENT INFORMATION"},"content":{"rendered":"<h3 class=\"p1\" style=\"text-align: center;\"><b>Latest Developments in OIS (Student Information Management System)<\/b><\/h3>\n<p>O\u0130S is continuously developed with its experienced engineers who have a good command of the education sector.<\/p>\n<ul>\n<li>Reports can be organized according to groups from a single screen and related fields can be adjusted according to users<\/li>\n<li>Tracking the health processes of people who have been examined throughout the university with the infirmary tracking module.<\/li>\n<li>With the internship module, students can apply for internship and follow up the approval of this process and students can fill out an online internship book.<\/li>\n<li>The \u201cCareer Center\u201d module, which enables students to apply for jobs so that they can work while continuing their education.<\/li>\n<li>Revision of Information Package reports.<\/li>\n<li>Vertical transfer application and follow-up procedures can be done online.<\/li>\n<li>Call center integration that allows the editing of graduate information for the universities we provide call center services.<\/li>\n<li>Integration of It's Learning.<\/li>\n<li>Streamlining and strengthening the financial infrastructure.<\/li>\n<li>With the development of the CRM module, student coaches will be assigned to potential students and student follow-up and university promotion will be carried out.<\/li>\n<li>Receiving online applications and following up the processes so that universities can send their current students or outsiders to events abroad and other universities with which they have agreements (transportation, accommodation, education details)<\/li>\n<li>Completion of Y\u00d6KS\u0130S integration.<\/li>\n<\/ul>","protected":false},"excerpt":{"rendered":"<p>O\u0130S(\u00d6\u011frenci Bilgi Y\u00f6netim Sistemi)&#8217;deki Son Geli\u015ftirmeler O\u0130S; e\u011fitim sekt\u00f6r\u00fcne hakim, deneyimli m\u00fchendis kadrosu ile s\u00fcrekli geli\u015ftirilmektedir. Raporlar\u0131n gruplara g\u00f6re tek [&hellip;]<\/p>","protected":false},"author":1,"featured_media":0,"parent":0,"menu_order":0,"comment_status":"closed","ping_status":"closed","template":"","meta":{"footnotes":""},"class_list":["post-2738","page","type-page","status-publish","hentry"],"_links":{"self":[{"href":"https:\/\/ois.solutions\/en\/wp-json\/wp\/v2\/pages\/2738","targetHints":{"allow":["GET"]}}],"collection":[{"href":"https:\/\/ois.solutions\/en\/wp-json\/wp\/v2\/pages"}],"about":[{"href":"https:\/\/ois.solutions\/en\/wp-json\/wp\/v2\/types\/page"}],"author":[{"embeddable":true,"href":"https:\/\/ois.solutions\/en\/wp-json\/wp\/v2\/users\/1"}],"replies":[{"embeddable":true,"href":"https:\/\/ois.solutions\/en\/wp-json\/wp\/v2\/comments?post=2738"}],"version-history":[{"count":6,"href":"https:\/\/ois.solutions\/en\/wp-json\/wp\/v2\/pages\/2738\/revisions"}],"predecessor-version":[{"id":2842,"href":"https:\/\/ois.solutions\/en\/wp-json\/wp\/v2\/pages\/2738\/revisions\/2842"}],"wp:attachment":[{"href":"https:\/\/ois.solutions\/en\/wp-json\/wp\/v2\/media?parent=2738"}],"curies":[{"name":"wp","href":"https:\/\/api.w.org\/{rel}","templated":true}]}}