{"id":1521,"date":"2014-05-21T09:02:52","date_gmt":"2014-05-21T09:02:52","guid":{"rendered":"http:\/\/pexetothemes.com\/demos\/story_wp\/?page_id=1521"},"modified":"2023-09-05T01:20:23","modified_gmt":"2023-09-05T01:20:23","slug":"home-default","status":"publish","type":"page","link":"https:\/\/ois.solutions\/en\/","title":{"rendered":"Home &#8211; default"},"content":{"rendered":"<div class=\"section-full-width section-dark\" style=\"background-color:#f7f7f7;\" id=\"o\u0130s39\u0130n\u00c7\u00d6z\u00dcmsundu\u011eubaziy\u00d6net\u0130mselalanlar\"><div class=\"section-boxed\" style=\"color:#ffffff;\"><h2 class=\"section-title\" style=\"color:#333333;\">SOME MANAGERIAL AREAS WHERE OIS OFFERS SOLUTIONS<\/h2><h4 style=\"color:#333333;\" class=\"sub-title\"> The functioning of universities in different fields is unified under a single system with OIS modules.<\/h4><\/div><\/div>\n<p>&nbsp;<\/p>\n<div class=\"services-wrapper services-default cols-wrapper cols-4\"><div class=\"services-box col\"><div class=\"img-container\"><img decoding=\"async\" src=\"https:\/\/ois.solutions\/wp-content\/uploads\/2014\/08\/yok-osym-raporlari.png\" alt=\"Y\u00d6K \/ \u00d6SYM Raporlar\u0131\"\/><\/div><div class=\"services-content\"><div class=\"sc-wraper\"><h3>Y\u00d6K \/ \u00d6SYM Reports<\/h3><\/div><\/div><\/div><div class=\"services-box col\"><div class=\"img-container\"><img decoding=\"async\" src=\"https:\/\/ois.solutions\/wp-content\/uploads\/2014\/08\/crm.png\" alt=\"CRM\"\/><\/div><div class=\"services-content\"><div class=\"sc-wraper\"><h3>CRM<\/h3><\/div><\/div><\/div><div class=\"services-box col\"><div class=\"img-container\"><img decoding=\"async\" src=\"https:\/\/ois.solutions\/wp-content\/uploads\/2014\/08\/kullanici-yetkilendirme.png\" alt=\"Kullan\u0131c\u0131 Yetkilendirme\"\/><\/div><div class=\"services-content\"><div class=\"sc-wraper\"><h3>User Authorization<\/h3><\/div><\/div><\/div><div class=\"services-box col nomargin\"><div class=\"img-container\"><img decoding=\"async\" src=\"https:\/\/ois.solutions\/wp-content\/uploads\/2014\/08\/ayarlar.png\" alt=\"Ayarlar\"\/><\/div><div class=\"services-content\"><div class=\"sc-wraper\"><h3>Settings<\/h3><\/div><\/div><\/div><div class=\"services-box col\"><div class=\"img-container\"><img decoding=\"async\" src=\"https:\/\/ois.solutions\/wp-content\/uploads\/2014\/08\/ogrenci-bilgi-sistemi.png\" alt=\"\u00d6\u011frenci Bilgi Sistemi\"\/><\/div><div class=\"services-content\"><div class=\"sc-wraper\"><h3>Student Information System<\/h3><\/div><\/div><\/div><div class=\"services-box col\"><div class=\"img-container\"><img decoding=\"async\" src=\"https:\/\/ois.solutions\/wp-content\/uploads\/2014\/08\/hazirlik.png\" alt=\"Haz\u0131rl\u0131k\"\/><\/div><div class=\"services-content\"><div class=\"sc-wraper\"><h3>Preparation<\/h3><\/div><\/div><\/div><div class=\"services-box col\"><div class=\"img-container\"><img decoding=\"async\" src=\"https:\/\/ois.solutions\/wp-content\/uploads\/2014\/08\/sistemotomatik-ayarlar.png\" alt=\"Sistem (Otomatik Ayarlar)\"\/><\/div><div class=\"services-content\"><div class=\"sc-wraper\"><h3>System (Automatic Settings)<\/h3><\/div><\/div><\/div><div class=\"services-box col nomargin\"><div class=\"img-container\"><img decoding=\"async\" src=\"https:\/\/ois.solutions\/wp-content\/uploads\/2014\/08\/sertifikalar.png\" alt=\"Sertifikalar\"\/><\/div><div class=\"services-content\"><div class=\"sc-wraper\"><h3>Certificates<\/h3><\/div><\/div><\/div><div class=\"services-box col\"><div class=\"img-container\"><img decoding=\"async\" src=\"https:\/\/ois.solutions\/wp-content\/uploads\/2014\/08\/ders-yonetim-sistemi.png\" alt=\"Ders Y\u00f6netim Sistemi\"\/><\/div><div class=\"services-content\"><div class=\"sc-wraper\"><h3>Course Management System<\/h3><\/div><\/div><\/div><div class=\"services-box col\"><div class=\"img-container\"><img decoding=\"async\" src=\"https:\/\/ois.solutions\/wp-content\/uploads\/2014\/08\/finans-yonetimi.png\" alt=\"Finans Y\u00f6netim Sistemi\"\/><\/div><div class=\"services-content\"><div class=\"sc-wraper\"><h3>Finance Management System<\/h3><\/div><\/div><\/div><div class=\"services-box col\"><div class=\"img-container\"><img decoding=\"async\" src=\"https:\/\/ois.solutions\/wp-content\/uploads\/2014\/08\/ogretim-elaman\u0131-islemleri.png\" alt=\"\u00d6\u011fretim Eleman\u0131 \u0130\u015flemleri\"\/><\/div><div class=\"services-content\"><div class=\"sc-wraper\"><h3>Instructor Transactions<\/h3><\/div><\/div><\/div><div class=\"services-box col nomargin\"><div class=\"img-container\"><img decoding=\"async\" src=\"https:\/\/ois.solutions\/wp-content\/uploads\/2014\/08\/tanimlar.png\" alt=\"Tan\u0131mlar\"\/><\/div><div class=\"services-content\"><div class=\"sc-wraper\"><h3>Definitions<\/h3><\/div><\/div><\/div><div class=\"clear\"><\/div><\/div>\n<div class=\"section-full-width section-dark\" style=\"background-color:#252525;\" id=\"\u00c7\u00d6z\u00dcmler\"><div style=\"background-image:url(https:\/\/ois.solutions\/wp-content\/uploads\/2014\/08\/shutterstock_143678866.jpg); opacity:0.2; filter: alpha(opacity=20);\" class=\"full-bg-image\" ><\/div><div class=\"section-boxed\" style=\"color:#ffffff;\"><h2 class=\"section-title\" style=\"color:#ffffff;\">SOLUTIONS<\/h2><h4 style=\"color:#ffffff;\" class=\"sub-title\">SOME NICE SOLUTIONS WE OFFER TO OUR CUSTOMERS<\/h4><\/p>\n<div class=\"cols-wrapper cols-4\">\n<div class=\"services-wrapper services-boxed-photo cols-wrapper cols-4\"><div class=\"services-box col services-no-image\"><div class=\"services-content\"><div class=\"sc-wraper\"><h3><span style=\"color:#ffffff\">PAYMENT<\/span><\/h3><p>Integration of collection with virtual POS and bank overdraft facilities.<\/p><\/div><\/div><\/div><div class=\"services-box col services-no-image\"><div class=\"services-content\"><div class=\"sc-wraper\"><h3><span style=\"color:#ffffff\">EASY ACCESS<\/span><\/h3><p>Mobile-friendly interfaces and iPhone-iPad applications.<\/p><\/div><\/div><\/div><div class=\"services-box col services-no-image\"><div class=\"services-content\"><div class=\"sc-wraper\"><h3><span style=\"color:#ffffff\">FUNCTIONALITY<\/span><\/h3><p>Military service, diploma printing, graduation, etc. transactions can be done collectively.<\/p><\/div><\/div><\/div><div class=\"services-box col nomargin services-no-image\"><div class=\"services-content\"><div class=\"sc-wraper\"><h3><span style=\"color:#ffffff\">CURRICULUM SIMPLICITY<\/span><\/h3><p>Different adaptation programs can be made in the curricula and reflected to the students through the slot system.<\/p><\/div><\/div><\/div><div class=\"services-box col services-no-image\"><div class=\"services-content\"><div class=\"sc-wraper\"><h3><span style=\"color:#ffffff\">ONLINE CONTACT<\/span><\/h3><p>Students will be able to request documents online, final and class schedules will be prepared, and surveys will be conducted throughout the university.<\/p><\/div><\/div><\/div><div class=\"services-box col services-no-image\"><div class=\"services-content\"><div class=\"sc-wraper\"><h3><span style=\"color:#ffffff\">REPORTING<\/span><\/h3><p>Providing reports requested by public institutions and official channels (\u00d6SYM, Y\u00d6K, KYK, Foreign Affairs, T\u00dc\u0130K) from a single point.<\/p><\/div><\/div><\/div><div class=\"services-box col services-no-image\"><div class=\"services-content\"><div class=\"sc-wraper\"><h3><span style=\"color:#ffffff\">ARCHIVE<\/span><\/h3><p>Digital storage of student-related documents.<\/p><\/div><\/div><\/div><div class=\"services-box col nomargin services-no-image\"><div class=\"services-content\"><div class=\"sc-wraper\"><h3><span style=\"color:#ffffff\">PERFORMANCE ANALYSIS<\/span><\/h3><p>Academic performance evaluation and course load analysis.<\/p><\/div><\/div><\/div><div class=\"services-box col services-no-image\"><div class=\"services-content\"><div class=\"sc-wraper\"><h3><span style=\"color:#ffffff\">RESOURCE MANAGEMENT<\/span><\/h3><p>Reporting on in-school capacity and resource management.<\/p><\/div><\/div><\/div><div class=\"services-box col services-no-image\"><div class=\"services-content\"><div class=\"sc-wraper\"><h3><span style=\"color:#ffffff\">LMS<\/span><\/h3><p>Integrated course management system (LMS) to manage, track and report course content and flow.<\/p><\/div><\/div><\/div><div class=\"services-box col services-no-image\"><div class=\"services-content\"><div class=\"sc-wraper\"><h3><span style=\"color:#ffffff\">ECTS PROCESS<\/span><\/h3><p>Ability to manage complex processes such as ECTS across the whole university and integrate them with the website and other systems.<\/p><\/div><\/div><\/div><div class=\"services-box col nomargin services-no-image\"><div class=\"services-content\"><div class=\"sc-wraper\"><h3><span style=\"color:#ffffff\">EASE OF APPLICATION<\/span><\/h3><p>Carrying out the application, pre-registration, final registration and pricing processes of certificate programs and continuing education programs organized by the University.<\/p><\/div><\/div><\/div><div class=\"services-box col services-no-image\"><div class=\"services-content\"><div class=\"sc-wraper\"><h3><span style=\"color:#ffffff\">DATA SHARING<\/span><\/h3><p>Reporting where units use data in a shared manner.<\/p><\/div><\/div><\/div><div class=\"services-box col services-no-image\"><div class=\"services-content\"><div class=\"sc-wraper\"><h3><span style=\"color:#ffffff\">ACCESSIBILITY<\/span><\/h3><p>Students can access different systems (distance education, e-mail) with a single password, the system has English support, and new language adaptation can be done easily.<\/p><\/div><\/div><\/div><div class=\"services-box col services-no-image\"><div class=\"services-content\"><div class=\"sc-wraper\"><h3><span style=\"color:#ffffff\">APPLICATION FOLLOW-UP<\/span><\/h3><p>Tracking every stage of Master's, special talent, \u00d6SYM registration and applications.<\/p><\/div><\/div><\/div><div class=\"services-box col nomargin services-no-image\"><div class=\"services-content\"><div class=\"sc-wraper\"><h3><span style=\"color:#ffffff\">RESERVATION SYSTEM<\/span><\/h3><p>Ensuring control of campus areas with the reservation system.<\/p><\/div><\/div><\/div><div class=\"clear\"><\/div><\/div>\n<\/div>\n<p>\n<\/div><\/div>\n<div class=\"section-full-width section-light2\" style=\"background-color:#ffffff;\" id=\"referanslarimiz\"><div class=\"section-boxed\" style=\"color:#777777;\"><h2 class=\"section-title\" style=\"color:#252525;\">OUR REFERENCES<\/h2><h4 style=\"color:#252525;\" class=\"sub-title\">UNIVERSITIES ADDING VALUE TO OIS<\/h4><div class=\"services-wrapper services-default cols-wrapper cols-4 pexeto-parallax\"><div class=\"services-box col\"><a href=\"http:\/\/www.bahcesehir.edu.tr\/\"><div class=\"img-container\"><img decoding=\"async\" src=\"https:\/\/ois.solutions\/wp-content\/uploads\/2014\/08\/bau1.png\" alt=\"Bah\u00e7e\u015fehir \u00dcniversitesi\"\/><\/div><\/a><div class=\"services-content\"><div class=\"sc-wraper\"><h3><a href=\"http:\/\/www.bahcesehir.edu.tr\/\">Bahcesehir University<\/a><\/h3><\/div><\/div><\/div><div class=\"services-box col\"><a href=\"http:\/\/www.mef.edu.tr\/\"><div class=\"img-container\"><img decoding=\"async\" src=\"https:\/\/ois.solutions\/wp-content\/uploads\/2014\/08\/mef.png\" alt=\"MEF \u00dcniversitesi\"\/><\/div><\/a><div class=\"services-content\"><div class=\"sc-wraper\"><h3><a href=\"http:\/\/www.mef.edu.tr\/\">MEF University<\/a><\/h3><\/div><\/div><\/div><div class=\"services-box col\"><a href=\"http:\/\/www.sisli.edu.tr\/\"><div class=\"img-container\"><img decoding=\"async\" src=\"https:\/\/ois.solutions\/wp-content\/uploads\/2014\/08\/sisli.png\" alt=\"T.C. \u0130stanbul \u015ei\u015fli Meslek Y\u00fcksekokulu\"\/><\/div><\/a><div class=\"services-content\"><div class=\"sc-wraper\"><h3><a href=\"http:\/\/www.sisli.edu.tr\/\">T.C. \u0130stanbul \u015ei\u015fli Meslek Y\u00fcksekokulu<\/a><\/h3><\/div><\/div><\/div><div class=\"services-box col nomargin\"><a href=\"https:\/\/www.istinye.edu.tr\/\"><div class=\"img-container\"><img decoding=\"async\" src=\"https:\/\/ois.solutions\/wp-content\/uploads\/2024\/10\/ISU_LOGO_TR.png\" alt=\"\u0130stinye \u00dcniversitesi\"\/><\/div><\/a><div class=\"services-content\"><div class=\"sc-wraper\"><h3><a href=\"https:\/\/www.istinye.edu.tr\/\">\u0130stinye University<\/a><\/h3><\/div><\/div><\/div><div class=\"services-box col\"><a href=\"https:\/\/www.fbu.edu.tr\/\"><div class=\"img-container\"><img decoding=\"async\" src=\"https:\/\/ois.solutions\/wp-content\/uploads\/2024\/10\/201053-2.png\" alt=\"Fenerbah\u00e7e \u00dcniversitesi\"\/><\/div><\/a><div class=\"services-content\"><div class=\"sc-wraper\"><h3><a href=\"https:\/\/www.fbu.edu.tr\/\">Fenerbah\u00e7e \u00dcniversitesi<\/a><\/h3><\/div><\/div><\/div><div class=\"services-box col\"><a href=\"https:\/\/www.okan.edu.tr\/\"><div class=\"img-container\"><img decoding=\"async\" src=\"https:\/\/ois.solutions\/wp-content\/uploads\/2024\/10\/okan-universitesi-logo-D0AAFF253D-seeklogo.com_-1.png\" alt=\"Okan \u00dcniversitesi\"\/><\/div><\/a><div class=\"services-content\"><div class=\"sc-wraper\"><h3><a href=\"https:\/\/www.okan.edu.tr\/\">Okan University<\/a><\/h3><\/div><\/div><\/div><div class=\"services-box col\"><a href=\"https:\/\/www.kent.edu.tr\/\"><div class=\"img-container\"><img decoding=\"async\" src=\"https:\/\/ois.solutions\/wp-content\/uploads\/2024\/10\/Istanbul_Kent_Universitesi_logo-1.png\" alt=\"Kent \u00dcniversitesi\"\/><\/div><\/a><div class=\"services-content\"><div class=\"sc-wraper\"><h3><a href=\"https:\/\/www.kent.edu.tr\/\">Kent University<\/a><\/h3><\/div><\/div><\/div><div class=\"services-box col nomargin\"><a href=\"https:\/\/www.topkapi.edu.tr\/\"><div class=\"img-container\"><img decoding=\"async\" src=\"https:\/\/ois.solutions\/wp-content\/uploads\/2024\/10\/Istanbul_Topkapi_Universitesi_logo.svg_.png\" alt=\"Topkap\u0131 \u00dcniversitesi\"\/><\/div><\/a><div class=\"services-content\"><div class=\"sc-wraper\"><h3><a href=\"https:\/\/www.topkapi.edu.tr\/\">Topkap\u0131 University<\/a><\/h3><\/div><\/div><\/div><div class=\"services-box col nomargin\"><a href=\"https:\/\/galata.edu.tr\/\"><div class=\"img-container\"><img decoding=\"async\" src=\"https:\/\/ois.solutions\/wp-content\/uploads\/2024\/10\/auth_min_logo.png\" alt=\"Galata \u00dcniversitesi\"\/><\/div><\/a><div class=\"services-content\"><div class=\"sc-wraper\"><h3><a href=\"https:\/\/galata.edu.tr\/\">Galata University<\/a><\/h3><\/div><\/div><\/div><div class=\"clear\"><\/div><\/div>\n<\/div><\/div>\n<div class=\"section-full-width section-dark parallax-fixed\" style=\"background-color:#2b2b2b;\" id=\"o\u0130s39\u0130ng\u00dc\u00c7l\u00dcyanlari\"><div style=\"background-image:url(https:\/\/ois.solutions\/wp-content\/uploads\/2014\/05\/shutterstock_126278483.jpg); opacity:0.1; filter: alpha(opacity=10);\" class=\"full-bg-image\" ><\/div><div class=\"section-boxed\" style=\"color:#ffffff;\"><h2 class=\"section-title\" style=\"color:#ffffff;\">STRENGTHS OF OISS<\/h2><h4 style=\"color:#ffffff;\" class=\"sub-title\">OIS project is distinguished in many areas such as instant support, customer satisfaction, technology compatibility, practical solutions offered by the OIS team, rather than its functionality.<\/h4><div class=\"services-wrapper services-icon cols-wrapper cols-4\"><div class=\"services-box col\"><div class=\"img-container\"><img decoding=\"async\" src=\"https:\/\/ois.solutions\/wp-content\/uploads\/2014\/10\/kolay-kullan\u0131m-130x130.png\" alt=\"Kolay Kullan\u0131m\"\/><\/div><div class=\"services-content\"><div class=\"sc-wraper\"><h3>Easy to Use<\/h3><\/div><\/div><\/div><div class=\"services-box col\"><div class=\"img-container\"><img decoding=\"async\" src=\"https:\/\/ois.solutions\/wp-content\/uploads\/2014\/10\/yuksek-performans-130x130.png\" alt=\"Y\u00fcksek Performans\"\/><\/div><div class=\"services-content\"><div class=\"sc-wraper\"><h3>High Performance<\/h3><\/div><\/div><\/div><div class=\"services-box col\"><div class=\"img-container\"><img decoding=\"async\" src=\"https:\/\/ois.solutions\/wp-content\/uploads\/2014\/10\/entegrasyon-kolayl\u0131\u011f\u0131-130x130.png\" alt=\"Entegrasyon Kolayl\u0131\u011f\u0131\"\/><\/div><div class=\"services-content\"><div class=\"sc-wraper\"><h3>Ease of Integration<\/h3><p>(Moodle - It's Learning - Canias - Y\u00d6KS\u0130S - NV\u0130 - Bankalar vb.)<\/p><\/div><\/div><\/div><div class=\"services-box col nomargin\"><div class=\"img-container\"><img decoding=\"async\" src=\"https:\/\/ois.solutions\/wp-content\/uploads\/2014\/10\/guclu-raporlama-130x130.png\" alt=\"G\u00fc\u00e7l\u00fc Raporlama\"\/><\/div><div class=\"services-content\"><div class=\"sc-wraper\"><h3>Powerful Reporting<\/h3><\/div><\/div><\/div><div class=\"services-box col\"><div class=\"img-container\"><img decoding=\"async\" src=\"https:\/\/ois.solutions\/wp-content\/uploads\/2014\/10\/moduler-yap\u0131-130x130.png\" alt=\"Mod\u00fcler Yap\u0131\"\/><\/div><div class=\"services-content\"><div class=\"sc-wraper\"><h3>Modular Structure<\/h3><\/div><\/div><\/div><div class=\"services-box col\"><div class=\"img-container\"><img decoding=\"async\" src=\"https:\/\/ois.solutions\/wp-content\/uploads\/2014\/10\/en-iyi-uni.-taraf\u0131ndan-tercih-edilmesi-130x130.png\" alt=\"En \u0130yi \u00dcniversiteler Taraf\u0131ndan Tercih Edilmesi\"\/><\/div><div class=\"services-content\"><div class=\"sc-wraper\"><h3>Preferred by Top Universities<\/h3><\/div><\/div><\/div><div class=\"services-box col\"><div class=\"img-container\"><img decoding=\"async\" src=\"https:\/\/ois.solutions\/wp-content\/uploads\/2014\/10\/mobil-uygul-130x130.png\" alt=\"Mobil Uygulamalar ve Mobil Cihazlarla Uyumluluk\"\/><\/div><div class=\"services-content\"><div class=\"sc-wraper\"><h3>Compatibility with Mobile Apps and Mobile Devices<\/h3><\/div><\/div><\/div><div class=\"services-box col nomargin\"><div class=\"img-container\"><img decoding=\"async\" src=\"https:\/\/ois.solutions\/wp-content\/uploads\/2014\/10\/guclu-kadro-ve-an\u0131nda-destek-130x130.png\" alt=\"G\u00fc\u00e7l\u00fc Kadro ile An\u0131nda Destek\"\/><\/div><div class=\"services-content\"><div class=\"sc-wraper\"><h3>Instant Support with Strong Staff<\/h3><\/div><\/div><\/div><div class=\"services-box col\"><div class=\"img-container\"><img decoding=\"async\" src=\"https:\/\/ois.solutions\/wp-content\/uploads\/2014\/10\/h\u0131zl\u0131-ve-pratik-\u00e7\u00f6z\u00fcmler-130x130.png\" alt=\"H\u0131zl\u0131 ve Pratik \u00c7\u00f6z\u00fcmler\"\/><\/div><div class=\"services-content\"><div class=\"sc-wraper\"><h3>Fast and Practical Solutions<\/h3><\/div><\/div><\/div><div class=\"services-box col\"><div class=\"img-container\"><img decoding=\"async\" src=\"https:\/\/ois.solutions\/wp-content\/uploads\/2014\/10\/bologna-s\u00fcreci-ile-uyumluluk-130x130.png\" alt=\"Bologna S\u00fcreci \u0130le Uyumluluk\"\/><\/div><div class=\"services-content\"><div class=\"sc-wraper\"><h3>Compliance with Bologna Process<\/h3><\/div><\/div><\/div><div class=\"services-box col\"><div class=\"img-container\"><img decoding=\"async\" src=\"https:\/\/ois.solutions\/wp-content\/uploads\/2014\/10\/coklu-dil-destegi-130x130.png\" alt=\"\u00c7oklu Dil Deste\u011fi\"\/><\/div><div class=\"services-content\"><div class=\"sc-wraper\"><h3>Multiple Language Support<\/h3><\/div><\/div><\/div><div class=\"services-box col nomargin\"><div class=\"img-container\"><img decoding=\"async\" src=\"https:\/\/ois.solutions\/wp-content\/uploads\/2014\/10\/h\u0131zl\u0131-eri\u015fim-130x130.png\" alt=\"H\u0131zl\u0131 Eri\u015fim\"\/><\/div><div class=\"services-content\"><div class=\"sc-wraper\"><h3>Quick Access<\/h3><\/div><\/div><\/div><div class=\"clear\"><\/div><\/div>\n<\/div><\/div>","protected":false},"excerpt":{"rendered":"<p>&nbsp;<\/p>","protected":false},"author":1,"featured_media":0,"parent":0,"menu_order":0,"comment_status":"closed","ping_status":"closed","template":"template-full-custom.php","meta":{"footnotes":""},"class_list":["post-1521","page","type-page","status-publish","hentry"],"_links":{"self":[{"href":"https:\/\/ois.solutions\/en\/wp-json\/wp\/v2\/pages\/1521","targetHints":{"allow":["GET"]}}],"collection":[{"href":"https:\/\/ois.solutions\/en\/wp-json\/wp\/v2\/pages"}],"about":[{"href":"https:\/\/ois.solutions\/en\/wp-json\/wp\/v2\/types\/page"}],"author":[{"embeddable":true,"href":"https:\/\/ois.solutions\/en\/wp-json\/wp\/v2\/users\/1"}],"replies":[{"embeddable":true,"href":"https:\/\/ois.solutions\/en\/wp-json\/wp\/v2\/comments?post=1521"}],"version-history":[{"count":126,"href":"https:\/\/ois.solutions\/en\/wp-json\/wp\/v2\/pages\/1521\/revisions"}],"predecessor-version":[{"id":2839,"href":"https:\/\/ois.solutions\/en\/wp-json\/wp\/v2\/pages\/1521\/revisions\/2839"}],"wp:attachment":[{"href":"https:\/\/ois.solutions\/en\/wp-json\/wp\/v2\/media?parent=1521"}],"curies":[{"name":"wp","href":"https:\/\/api.w.org\/{rel}","templated":true}]}}